{"id":2,"date":"2025-06-17T22:44:20","date_gmt":"2025-06-17T20:44:20","guid":{"rendered":"http:\/\/kinoexpert.pl\/?page_id=2"},"modified":"2025-06-17T23:04:56","modified_gmt":"2025-06-17T21:04:56","slug":"przykladowa-strona","status":"publish","type":"page","link":"https:\/\/kinoexpert.pl\/?page_id=2","title":{"rendered":"kinoexpert.pl"},"content":{"rendered":"\n<p>Co\u015b wielkiego nadchodzi! \ud83c\udfac\ud83d\udd0a<\/p>\n\n\n\n<h3 class=\"wp-block-heading\">Strona dla prawdziwych pasjonat\u00f3w kina (nie tylko tego na du\u017cym ekranie)!<\/h3>\n\n\n\n<p>Jeste\u015b fanem w\u0142asnego kina domowego? Uwielbiasz perfekcyjny d\u017awi\u0119k, zapach nowego amplitunera i godziny sp\u0119dzone na ustawianiu idealnego obrazu? A mo\u017ce w\u0142a\u015bnie zaczynasz swoj\u0105 przygod\u0119 z budow\u0105 w\u0142asnej sali kinowej?<br><strong>\u015awietnie trafi\u0142e\u015b.<\/strong><\/p>\n\n\n\n<p>W\u0142a\u015bnie tworzymy <strong>now\u0105 przestrze\u0144 dla ludzi takich jak Ty<\/strong> \u2013 fan\u00f3w kina, domowych sal kinowych, g\u0142o\u015bnik\u00f3w, wzmacniaczy i wszystkiego, co sprawia, \u017ce film staje si\u0119 do\u015bwiadczeniem, a nie tylko seansem.<\/p>\n\n\n\n<p>\ud83d\udd27 Porady techniczne<br>\ud83c\udfa5 Inspiracje i galerie Waszych projekt\u00f3w<br>\ud83e\udde0 Wymiana do\u015bwiadcze\u0144 i recenzje sprz\u0119tu<br>\ud83d\udee0 DIY, testy, konfiguracje i&#8230; pomoc, kiedy co\u015b nie dzia\u0142a \ud83d\ude09<\/p>\n\n\n\n<p>To b\u0119dzie <strong>miejsce tworzone przez pasjonat\u00f3w \u2013 dla pasjonat\u00f3w<\/strong>.<br>Zero korpo-mowy, tylko konkret i czysta zajawka.<\/p>\n\n\n\n<p><strong>Strona ju\u017c w budowie<\/strong>, a Ty mo\u017cesz by\u0107 cz\u0119\u015bci\u0105 tego od samego pocz\u0105tku. Zapisz si\u0119 do newslettera i b\u0105d\u017a pierwszym, kt\u00f3ry dowie si\u0119 o starcie!<\/p>\n\n\n\n<p class=\"has-base-2-color has-contrast-background-color has-text-color has-background has-link-color wp-elements-0dbe2684ef3c67e704ba533da044ee61\"><\/p>\n","protected":false},"excerpt":{"rendered":"<p>Co\u015b wielkiego nadchodzi! \ud83c\udfac\ud83d\udd0a Strona dla prawdziwych pasjonat\u00f3w kina (nie tylko tego na du\u017cym ekranie)! Jeste\u015b fanem w\u0142asnego kina domowego? Uwielbiasz perfekcyjny d\u017awi\u0119k, zapach nowego amplitunera i godziny sp\u0119dzone na ustawianiu idealnego obrazu? A mo\u017ce w\u0142a\u015bnie zaczynasz swoj\u0105 przygod\u0119 z budow\u0105 w\u0142asnej sali kinowej?\u015awietnie trafi\u0142e\u015b. W\u0142a\u015bnie tworzymy now\u0105 przestrze\u0144 dla ludzi takich jak Ty \u2013 [&hellip;]<\/p>\n","protected":false},"author":1,"featured_media":0,"parent":0,"menu_order":0,"comment_status":"closed","ping_status":"open","template":"","meta":{"footnotes":""},"class_list":["post-2","page","type-page","status-publish","hentry"],"yoast_head":"<!-- This site is optimized with the Yoast SEO plugin v25.3.1 - https:\/\/yoast.com\/wordpress\/plugins\/seo\/ -->\n<title>kinoexpert.pl - strona g\u0142\u00f3wna<\/title>\n<meta name=\"robots\" content=\"index, follow, max-snippet:-1, max-image-preview:large, max-video-preview:-1\" \/>\n<link rel=\"canonical\" href=\"https:\/\/kinoexpert.pl\/?page_id=2\" \/>\n<meta property=\"og:locale\" content=\"en_US\" \/>\n<meta property=\"og:type\" content=\"article\" \/>\n<meta property=\"og:title\" content=\"kinoexpert.pl - strona g\u0142\u00f3wna\" \/>\n<meta property=\"og:description\" content=\"Co\u015b wielkiego nadchodzi! \ud83c\udfac\ud83d\udd0a Strona dla prawdziwych pasjonat\u00f3w kina (nie tylko tego na du\u017cym ekranie)! Jeste\u015b fanem w\u0142asnego kina domowego? Uwielbiasz perfekcyjny d\u017awi\u0119k, zapach nowego amplitunera i godziny sp\u0119dzone na ustawianiu idealnego obrazu? A mo\u017ce w\u0142a\u015bnie zaczynasz swoj\u0105 przygod\u0119 z budow\u0105 w\u0142asnej sali kinowej?\u015awietnie trafi\u0142e\u015b. W\u0142a\u015bnie tworzymy now\u0105 przestrze\u0144 dla ludzi takich jak Ty \u2013 [&hellip;]\" \/>\n<meta property=\"og:url\" content=\"https:\/\/kinoexpert.pl\/?page_id=2\" \/>\n<meta property=\"og:site_name\" content=\"strona g\u0142\u00f3wna\" \/>\n<meta property=\"article:modified_time\" content=\"2025-06-17T21:04:56+00:00\" \/>\n<meta name=\"twitter:card\" content=\"summary_large_image\" \/>\n<meta name=\"twitter:label1\" content=\"Est. reading time\" \/>\n\t<meta name=\"twitter:data1\" content=\"1 minute\" \/>\n<script type=\"application\/ld+json\" class=\"yoast-schema-graph\">{\"@context\":\"https:\/\/schema.org\",\"@graph\":[{\"@type\":\"WebPage\",\"@id\":\"https:\/\/kinoexpert.pl\/?page_id=2\",\"url\":\"https:\/\/kinoexpert.pl\/?page_id=2\",\"name\":\"kinoexpert.pl - strona g\u0142\u00f3wna\",\"isPartOf\":{\"@id\":\"https:\/\/kinoexpert.pl\/#website\"},\"datePublished\":\"2025-06-17T20:44:20+00:00\",\"dateModified\":\"2025-06-17T21:04:56+00:00\",\"breadcrumb\":{\"@id\":\"https:\/\/kinoexpert.pl\/?page_id=2#breadcrumb\"},\"inLanguage\":\"en-US\",\"potentialAction\":[{\"@type\":\"ReadAction\",\"target\":[\"https:\/\/kinoexpert.pl\/?page_id=2\"]}]},{\"@type\":\"BreadcrumbList\",\"@id\":\"https:\/\/kinoexpert.pl\/?page_id=2#breadcrumb\",\"itemListElement\":[{\"@type\":\"ListItem\",\"position\":1,\"name\":\"Home\",\"item\":\"https:\/\/kinoexpert.pl\/\"},{\"@type\":\"ListItem\",\"position\":2,\"name\":\"kinoexpert.pl\"}]},{\"@type\":\"WebSite\",\"@id\":\"https:\/\/kinoexpert.pl\/#website\",\"url\":\"https:\/\/kinoexpert.pl\/\",\"name\":\"strona g\u0142\u00f3wna\",\"description\":\"\",\"potentialAction\":[{\"@type\":\"SearchAction\",\"target\":{\"@type\":\"EntryPoint\",\"urlTemplate\":\"https:\/\/kinoexpert.pl\/?s={search_term_string}\"},\"query-input\":{\"@type\":\"PropertyValueSpecification\",\"valueRequired\":true,\"valueName\":\"search_term_string\"}}],\"inLanguage\":\"en-US\"}]}<\/script>\n<!-- \/ Yoast SEO plugin. -->","yoast_head_json":{"title":"kinoexpert.pl - strona g\u0142\u00f3wna","robots":{"index":"index","follow":"follow","max-snippet":"max-snippet:-1","max-image-preview":"max-image-preview:large","max-video-preview":"max-video-preview:-1"},"canonical":"https:\/\/kinoexpert.pl\/?page_id=2","og_locale":"en_US","og_type":"article","og_title":"kinoexpert.pl - strona g\u0142\u00f3wna","og_description":"Co\u015b wielkiego nadchodzi! \ud83c\udfac\ud83d\udd0a Strona dla prawdziwych pasjonat\u00f3w kina (nie tylko tego na du\u017cym ekranie)! Jeste\u015b fanem w\u0142asnego kina domowego? Uwielbiasz perfekcyjny d\u017awi\u0119k, zapach nowego amplitunera i godziny sp\u0119dzone na ustawianiu idealnego obrazu? A mo\u017ce w\u0142a\u015bnie zaczynasz swoj\u0105 przygod\u0119 z budow\u0105 w\u0142asnej sali kinowej?\u015awietnie trafi\u0142e\u015b. W\u0142a\u015bnie tworzymy now\u0105 przestrze\u0144 dla ludzi takich jak Ty \u2013 [&hellip;]","og_url":"https:\/\/kinoexpert.pl\/?page_id=2","og_site_name":"strona g\u0142\u00f3wna","article_modified_time":"2025-06-17T21:04:56+00:00","twitter_card":"summary_large_image","twitter_misc":{"Est. reading time":"1 minute"},"schema":{"@context":"https:\/\/schema.org","@graph":[{"@type":"WebPage","@id":"https:\/\/kinoexpert.pl\/?page_id=2","url":"https:\/\/kinoexpert.pl\/?page_id=2","name":"kinoexpert.pl - strona g\u0142\u00f3wna","isPartOf":{"@id":"https:\/\/kinoexpert.pl\/#website"},"datePublished":"2025-06-17T20:44:20+00:00","dateModified":"2025-06-17T21:04:56+00:00","breadcrumb":{"@id":"https:\/\/kinoexpert.pl\/?page_id=2#breadcrumb"},"inLanguage":"en-US","potentialAction":[{"@type":"ReadAction","target":["https:\/\/kinoexpert.pl\/?page_id=2"]}]},{"@type":"BreadcrumbList","@id":"https:\/\/kinoexpert.pl\/?page_id=2#breadcrumb","itemListElement":[{"@type":"ListItem","position":1,"name":"Home","item":"https:\/\/kinoexpert.pl\/"},{"@type":"ListItem","position":2,"name":"kinoexpert.pl"}]},{"@type":"WebSite","@id":"https:\/\/kinoexpert.pl\/#website","url":"https:\/\/kinoexpert.pl\/","name":"strona g\u0142\u00f3wna","description":"","potentialAction":[{"@type":"SearchAction","target":{"@type":"EntryPoint","urlTemplate":"https:\/\/kinoexpert.pl\/?s={search_term_string}"},"query-input":{"@type":"PropertyValueSpecification","valueRequired":true,"valueName":"search_term_string"}}],"inLanguage":"en-US"}]}},"_links":{"self":[{"href":"https:\/\/kinoexpert.pl\/index.php?rest_route=\/wp\/v2\/pages\/2","targetHints":{"allow":["GET"]}}],"collection":[{"href":"https:\/\/kinoexpert.pl\/index.php?rest_route=\/wp\/v2\/pages"}],"about":[{"href":"https:\/\/kinoexpert.pl\/index.php?rest_route=\/wp\/v2\/types\/page"}],"author":[{"embeddable":true,"href":"https:\/\/kinoexpert.pl\/index.php?rest_route=\/wp\/v2\/users\/1"}],"replies":[{"embeddable":true,"href":"https:\/\/kinoexpert.pl\/index.php?rest_route=%2Fwp%2Fv2%2Fcomments&post=2"}],"version-history":[{"count":1,"href":"https:\/\/kinoexpert.pl\/index.php?rest_route=\/wp\/v2\/pages\/2\/revisions"}],"predecessor-version":[{"id":10,"href":"https:\/\/kinoexpert.pl\/index.php?rest_route=\/wp\/v2\/pages\/2\/revisions\/10"}],"wp:attachment":[{"href":"https:\/\/kinoexpert.pl\/index.php?rest_route=%2Fwp%2Fv2%2Fmedia&parent=2"}],"curies":[{"name":"wp","href":"https:\/\/api.w.org\/{rel}","templated":true}]}}